{"id":16941,"date":"2020-03-02T10:27:05","date_gmt":"2020-03-02T10:27:05","guid":{"rendered":"https:\/\/demo45.houzez.co\/?page_id=16941"},"modified":"2026-03-21T23:26:44","modified_gmt":"2026-03-21T23:26:44","slug":"kontakt","status":"publish","type":"page","link":"https:\/\/creanekretnine.com\/en\/kontakt\/","title":{"rendered":"Contact"},"content":{"rendered":"<div data-elementor-type=\"wp-page\" data-elementor-id=\"16941\" class=\"elementor elementor-16941\" data-elementor-post-type=\"page\">\n\t\t\t\t<div class=\"elementor-element elementor-element-ece43dc e-flex e-con-boxed e-con e-parent\" data-id=\"ece43dc\" data-element_type=\"container\" data-e-type=\"container\" data-settings=\"{&quot;background_background&quot;:&quot;classic&quot;}\">\n\t\t\t\t\t<div class=\"e-con-inner\">\n\t\t<div class=\"elementor-element elementor-element-0867137 e-con-full animated-slow e-flex elementor-invisible e-con e-child\" data-id=\"0867137\" data-element_type=\"container\" data-e-type=\"container\" data-settings=\"{&quot;animation&quot;:&quot;fadeIn&quot;}\">\n\t\t\t\t<\/div>\n\t\t\t\t\t<\/div>\n\t\t\t\t<\/div>\n\t\t<div class=\"elementor-element elementor-element-b269050 e-grid e-con-boxed e-con e-parent\" data-id=\"b269050\" data-element_type=\"container\" data-e-type=\"container\" data-settings=\"{&quot;background_background&quot;:&quot;classic&quot;}\">\n\t\t\t\t\t<div class=\"e-con-inner\">\n\t\t<div class=\"elementor-element elementor-element-2719e49 e-con-full animated-slow e-flex elementor-invisible e-con e-child\" data-id=\"2719e49\" data-element_type=\"container\" data-e-type=\"container\" data-settings=\"{&quot;animation&quot;:&quot;fadeIn&quot;}\">\n\t\t\t\t<div class=\"elementor-element elementor-element-3607d4f elementor-widget elementor-widget-houzez_elementor_section_title\" data-id=\"3607d4f\" data-element_type=\"widget\" data-e-type=\"widget\" data-widget_type=\"houzez_elementor_section_title.default\">\n\t\t\t\t<div class=\"elementor-widget-container\">\n\t\t\t\t\t            <div class=\"houzez_section_title_wrap section-title-module\">\n                                    <h2 class=\"houzez_section_title\">Contact Us<\/h2>\n                \n                                    <p class=\"houzez_section_subtitle\">Get in touch and tell us what you are looking for. Buying, selling, or investing in real estate starts with the right information. We respond quickly and clearly.<\/p>\n                            <\/div>\n            \t\t\t\t<\/div>\n\t\t\t\t<\/div>\n\t\t\t\t<div class=\"elementor-element elementor-element-40610f7 elementor-widget elementor-widget-text-editor\" data-id=\"40610f7\" data-element_type=\"widget\" data-e-type=\"widget\" data-widget_type=\"text-editor.default\">\n\t\t\t\t\t\t\t\t\t<p data-start=\"762\" data-end=\"859\"><strong data-start=\"762\" data-end=\"778\">Phone<br \/><\/strong>+385 99 689 6889<\/p><p><strong data-start=\"762\" data-end=\"778\">E-mail<br \/><\/strong><span class=\"gI\"><span data-hovercard-id=\"jetimatenda@gmail.com\" data-hovercard-owner-id=\"18\">jetimatenda@gmail.com<\/span><\/span><\/p><p><strong>Head Office<\/strong><br \/>Osoje V 8,\u00a021220,\u00a0Okrug Donji,\u00a0Hrvatska<\/p><p data-start=\"353\" data-end=\"464\"><strong data-start=\"353\" data-end=\"369\">Working Hours<\/strong><br data-start=\"369\" data-end=\"372\" \/>Monday to Friday: <strong>08<\/strong><strong>:00 - 20:00<\/strong><\/p>\t\t\t\t\t\t\t\t<\/div>\n\t\t\t\t<\/div>\n\t\t<div class=\"elementor-element elementor-element-6fe0a2b e-flex e-con-boxed e-con e-child\" data-id=\"6fe0a2b\" data-element_type=\"container\" data-e-type=\"container\">\n\t\t\t\t\t<div class=\"e-con-inner\">\n\t\t\t\t<div class=\"elementor-element elementor-element-381c649 elementor-button-align-stretch elementor-widget elementor-widget-houzez_elementor_inquiry_form\" data-id=\"381c649\" data-element_type=\"widget\" data-e-type=\"widget\" data-widget_type=\"houzez_elementor_inquiry_form.default\">\n\t\t\t\t<div class=\"elementor-widget-container\">\n\t\t\t\t\t\n        <script type=\"application\/javascript\">\n            jQuery(document).bind(\"ready\", function () {\n                houzezValidateElementor(\"#houzez-form-381c649\" );\n            });\n        <\/script>\n\n\n        <form class=\"elementor-form houzez-ele-form-js\" id=\"houzez-form-381c649\" method=\"post\" name=\"New Form\" action=\"https:\/\/creanekretnine.com\/wp-admin\/admin-ajax.php\">\n            <input type=\"hidden\" name=\"form_id\" value=\"381c649\"\/>\n            <input type=\"hidden\" name=\"action\" value=\"houzez_ele_inquiry_form\" \/>\n            <input type=\"hidden\" name=\"source_link\" value=\"https:\/\/creanekretnine.com\/en\/kontakt\/\" \/>\n            <input type=\"hidden\" name=\"lead_page_id\" value=\"16941\" \/>\n            <input type=\"hidden\" name=\"is_estimation\" value=\"yes\" \/>\n            <input type=\"hidden\" name=\"webhook\" value=\"false\" \/>\n            <input type=\"hidden\" name=\"webhook_url\" value=\"\" \/>\n            <input type=\"hidden\" name=\"redirect_to\" value=\"\" \/>\n            <input type=\"hidden\" name=\"email_subject\" value=\"Novi upit\" \/>\n            <input type=\"hidden\" name=\"google_recaptcha\" value=\"false\" \/>\n\n            <div class=\"elementor-form-fields-wrapper elementor-labels-above\">\n\n                                    <div class=\"elementor-field-group elementor-column form-group elementor-field-group-ac32e68 elementor-col-50 elementor-md-100 elementor-field-required\">\n                    <label for=\"form-field-ac32e68\" class=\"form-label elementor-field-label elementor-screen-only\">First name<\/label><input type=\"text\" name=\"first_name\" id=\"form-field-ac32e68\" class=\"elementor-field form-control elementor-size-sm elementor-field-textual\" placeholder=\"First name\" title=\"* Ime\" required=\"required\">                    <\/div>\n\n                                        <div class=\"elementor-field-group elementor-column form-group elementor-field-group-7304c05 elementor-col-50 elementor-md-100 elementor-field-required\">\n                    <label for=\"form-field-7304c05\" class=\"form-label elementor-field-label elementor-screen-only\">Last Name<\/label><input type=\"text\" name=\"last_name\" id=\"form-field-7304c05\" class=\"elementor-field form-control elementor-size-sm elementor-field-textual\" placeholder=\"Last Name\" title=\"* Prezime\" required=\"required\">                    <\/div>\n\n                                        <div class=\"elementor-field-group elementor-column form-group elementor-field-group-7b74074 elementor-col-100 elementor-field-required\">\n                    <label for=\"form-field-7b74074\" class=\"form-label elementor-field-label elementor-screen-only\">E-mail<\/label><input type=\"email\" name=\"email\" id=\"form-field-7b74074\" class=\"elementor-field form-control elementor-size-sm elementor-field-textual\" placeholder=\"E-mail\" title=\"* E-mail\" required=\"required\">                    <\/div>\n\n                                        <div class=\"elementor-field-group elementor-column form-group elementor-field-group-03c6c7a elementor-col-100\">\n                    <label for=\"form-field-03c6c7a\" class=\"form-label elementor-field-label elementor-screen-only\">Phone number<\/label><input type=\"text\" name=\"mobile\" id=\"form-field-03c6c7a\" class=\"elementor-field form-control elementor-size-sm elementor-field-textual\" placeholder=\"Phone number\" title=\"* Broj telefona\">                    <\/div>\n\n                                        <div class=\"elementor-field-group elementor-column form-group elementor-field-group-1f0fc28 elementor-col-100\">\n                    <label for=\"form-field-1f0fc28\" class=\"form-label elementor-field-label elementor-screen-only\">Message<\/label><textarea class=\"elementor-field-textual elementor-field elementor-size-sm\" name=\"message\" id=\"form-field-1f0fc28\" rows=\"4\" placeholder=\"Message\"><\/textarea>                    <\/div>\n\n                    \n                    \n                    \n                    \n                    \n                    <div class=\"elementor-field-group elementor-column elementor-field-type-submit elementor-col-100\">\n                    <button type=\"submit\" class=\"houzez-submit-button houzez-contact-form-js elementor-button elementor-size-sm\">\n                        <i class=\"houzez-loader-js houzez-hidden spinner-border spinner-border-sm\"><\/i>\n                                                    Send                                            <\/button>\n                <\/div>\n            <\/div><!-- End wrapper-->\n            <br\/>\n            <div class=\"ele-form-messages\"><\/div>\n            <div class=\"error-container\"><\/div>\n\n        <\/form>\n\n    \t\t\t\t<\/div>\n\t\t\t\t<\/div>\n\t\t\t\t\t<\/div>\n\t\t\t\t<\/div>\n\t\t\t\t\t<\/div>\n\t\t\t\t<\/div>\n\t\t<div class=\"elementor-element elementor-element-446e3f3 e-grid e-con-full e-con e-parent\" data-id=\"446e3f3\" data-element_type=\"container\" data-e-type=\"container\" data-settings=\"{&quot;background_background&quot;:&quot;classic&quot;}\">\n\t\t<div class=\"elementor-element elementor-element-b7cd5a9 e-con-full animated-slow e-flex elementor-invisible e-con e-child\" data-id=\"b7cd5a9\" data-element_type=\"container\" data-e-type=\"container\" data-settings=\"{&quot;animation&quot;:&quot;fadeIn&quot;}\">\n\t\t\t\t<div class=\"elementor-element elementor-element-ba9a208 elementor-widget elementor-widget-google_maps\" data-id=\"ba9a208\" data-element_type=\"widget\" data-e-type=\"widget\" data-widget_type=\"google_maps.default\">\n\t\t\t\t\t\t\t<div class=\"elementor-custom-embed\">\n\t\t\t<iframe loading=\"lazy\"\n\t\t\t\t\tsrc=\"https:\/\/maps.google.com\/maps?q=Osoje%20V%208%2C%2021220%2C%20Okrug%20Donji%2C%20Hrvatska&#038;t=m&#038;z=10&#038;output=embed&#038;iwloc=near\"\n\t\t\t\t\ttitle=\"Osoje V 8, 21220, Okrug Donji, Hrvatska\"\n\t\t\t\t\taria-label=\"Osoje V 8, 21220, Okrug Donji, Hrvatska\"\n\t\t\t><\/iframe>\n\t\t<\/div>\n\t\t\t\t\t\t<\/div>\n\t\t\t\t<\/div>\n\t\t\t\t<\/div>\n\t\t\t\t<\/div>","protected":false},"excerpt":{"rendered":"<p>Kontaktirajte nas Javite nam se i recite \u0161to tra\u017eite. Kupnja, prodaja ili ulaganje u nekretnine po\u010dinje pravim informacijama. Odgovaramo brzo i jasno. Telefon+385 99 689 6889 E-mailjetimatenda@gmail.com Sjedi\u0161teOsoje V 8,\u00a021220,\u00a0Okrug Donji,\u00a0Hrvatska Radno vrijemePonedjeljak &#8211; Petak: 08:00\u00a0 \u2013 20:00 PM Ime Prezime E-mail Broj telefona Poruka Po\u0161alji<\/p>","protected":false},"author":1,"featured_media":0,"parent":0,"menu_order":0,"comment_status":"closed","ping_status":"closed","template":"template\/template-homepage.php","meta":{"footnotes":""},"class_list":["post-16941","page","type-page","status-publish","hentry"],"_links":{"self":[{"href":"https:\/\/creanekretnine.com\/en\/wp-json\/wp\/v2\/pages\/16941","targetHints":{"allow":["GET"]}}],"collection":[{"href":"https:\/\/creanekretnine.com\/en\/wp-json\/wp\/v2\/pages"}],"about":[{"href":"https:\/\/creanekretnine.com\/en\/wp-json\/wp\/v2\/types\/page"}],"author":[{"embeddable":true,"href":"https:\/\/creanekretnine.com\/en\/wp-json\/wp\/v2\/users\/1"}],"replies":[{"embeddable":true,"href":"https:\/\/creanekretnine.com\/en\/wp-json\/wp\/v2\/comments?post=16941"}],"version-history":[{"count":37,"href":"https:\/\/creanekretnine.com\/en\/wp-json\/wp\/v2\/pages\/16941\/revisions"}],"predecessor-version":[{"id":22249,"href":"https:\/\/creanekretnine.com\/en\/wp-json\/wp\/v2\/pages\/16941\/revisions\/22249"}],"wp:attachment":[{"href":"https:\/\/creanekretnine.com\/en\/wp-json\/wp\/v2\/media?parent=16941"}],"curies":[{"name":"wp","href":"https:\/\/api.w.org\/{rel}","templated":true}]}}